{"id":9,"date":"2013-12-24T18:11:23","date_gmt":"2013-12-24T16:11:23","guid":{"rendered":"http:\/\/www.hoppe-blank.com\/?page_id=9"},"modified":"2015-08-14T22:22:23","modified_gmt":"2015-08-14T20:22:23","slug":"ueber-mich","status":"publish","type":"page","link":"http:\/\/www.hoppe-blank.com\/?page_id=9","title":{"rendered":"\u00fcber mich"},"content":{"rendered":"<p>Geboren wurde ich am 12.07.1970 und aufgewachsen bin ich im sch\u00f6nen Ostfriesland (Strackholt und Wiesmoor).<\/p>\n<p>Nach meinem Abitur auf dem Gymnasium Ulricianum Aurich\u00a0ging es erstmal zur Bundeswehr. Laufen und schwimmen konnte ich schon, also ab zur Luftwaffe (3.\/FlaRakBtl 26).<\/p>\n<p>Aber immer nur Verteidigungsfachangestellter war auch nicht mein Ding, also habe ich nach 2,5 Jahren damit aufgeh\u00f6rt.<\/p>\n<p>Nach einer kurzen Stippvisite an der TU Brauschweig (4 Semester Wirtschaftsinformatik) wechselte ich dann zur FH Wolfenb\u00fcttel\/Salzgitter und beendete diese als Dipl.-Kfm. in der Fachrichtung Transportwesen.<\/p>\n<p>W\u00e4hrend des Studiums hat es sich so ergeben, dass ich mehrere Praktika und Nebenjobs im Bereich des \u00f6ffentlichen Nahverkehrs (IVV, RBB, BVAG, &#8230;) aus\u00fcbte. Und so bin ich eben in der Branche geblieben.<\/p>\n<p>Von 1998 bis Oktober 2012 war ich bei der RegioBus Hannover GmbH angestellt.<br \/>\nZun\u00e4chst habe ich dort als Verkehrsplaner und Systembetreuer f\u00fcr das Planungssystem (epon) gearbeitet. Sp\u00e4ter habe ich bei der Einf\u00fchrung des Rechnergesteuerten Betriebsleitsystem (RBL, ITCS) mitgewirkt und habe mich zudem als Projektleiter diverser IT-Projekte und als Systemadministrator bet\u00e4tigt.<\/p>\n<p>Seit Novemver 2012 bin ich bei der \u00dcstra AG Hannover angestellt. Dort bin ich Bereichsleiter f\u00fcr die IT-Infrastruktur.<\/p>\n<p>Nebenbei bin ich noch als Ausbilder f\u00fcr Informatikkaufleute t\u00e4tig und nunmehr seit 8 Jahren als Pr\u00fcfer bei der IHK Hannover berufen.<\/p>\n<p>&nbsp;<\/p>\n","protected":false},"excerpt":{"rendered":"<p>Geboren wurde ich am 12.07.1970 und aufgewachsen bin ich im sch\u00f6nen Ostfriesland (Strackholt und Wiesmoor). Nach meinem Abitur auf dem Gymnasium Ulricianum Aurich\u00a0ging es erstmal zur Bundeswehr. Laufen und schwimmen konnte ich schon, also ab zur Luftwaffe (3.\/FlaRakBtl 26). Aber &hellip; <a class=\"more-link\" href=\"http:\/\/www.hoppe-blank.com\/?page_id=9\">Weiterlesen <span class=\"meta-nav\">&rarr;<\/span><\/a><\/p>\n","protected":false},"author":1,"featured_media":0,"parent":0,"menu_order":70,"comment_status":"closed","ping_status":"closed","template":"","meta":{"jetpack_post_was_ever_published":false},"jetpack_sharing_enabled":true,"jetpack_shortlink":"https:\/\/wp.me\/P6CpNf-9","_links":{"self":[{"href":"http:\/\/www.hoppe-blank.com\/index.php?rest_route=\/wp\/v2\/pages\/9"}],"collection":[{"href":"http:\/\/www.hoppe-blank.com\/index.php?rest_route=\/wp\/v2\/pages"}],"about":[{"href":"http:\/\/www.hoppe-blank.com\/index.php?rest_route=\/wp\/v2\/types\/page"}],"author":[{"embeddable":true,"href":"http:\/\/www.hoppe-blank.com\/index.php?rest_route=\/wp\/v2\/users\/1"}],"replies":[{"embeddable":true,"href":"http:\/\/www.hoppe-blank.com\/index.php?rest_route=%2Fwp%2Fv2%2Fcomments&post=9"}],"version-history":[{"count":4,"href":"http:\/\/www.hoppe-blank.com\/index.php?rest_route=\/wp\/v2\/pages\/9\/revisions"}],"predecessor-version":[{"id":2636,"href":"http:\/\/www.hoppe-blank.com\/index.php?rest_route=\/wp\/v2\/pages\/9\/revisions\/2636"}],"wp:attachment":[{"href":"http:\/\/www.hoppe-blank.com\/index.php?rest_route=%2Fwp%2Fv2%2Fmedia&parent=9"}],"curies":[{"name":"wp","href":"https:\/\/api.w.org\/{rel}","templated":true}]}}