{"id":31,"date":"2013-12-26T22:16:34","date_gmt":"2013-12-26T20:16:34","guid":{"rendered":"http:\/\/www.hoppe-blank.com\/?page_id=31"},"modified":"2014-05-18T16:20:59","modified_gmt":"2014-05-18T14:20:59","slug":"smart-roadster","status":"publish","type":"page","link":"http:\/\/www.hoppe-blank.com\/?page_id=31","title":{"rendered":"Smart Roadster"},"content":{"rendered":"<p>Meinen Smart Roadster habe ich mir 2006 im smart Center Garbsen neu gekauft. Er ist also mittlerweile 8 Jahre bei mir und wird gehegt und gepflegt.<br \/>\nAuch diverse Modifikation hat er bekommen, unter anderem<\/p>\n<p>&#8211; \u00a0H&amp;R Fahrwerk<br \/>\n&#8211; Spurverbreiterung<br \/>\n&#8211; diverse Brabus-Teile<br \/>\n&#8211; Navigationssystem<\/p>\n<p>&#8230; sowie noch einiges mehr. Der derzeitige Kilometerstand ist ca. 26.000Km. Also ganz klar ein Langestreckenfahrzeug \ud83d\ude42<\/p>\n<p>&nbsp;<\/p>\n<p><a href=\"https:\/\/i0.wp.com\/www.hoppe-blank.com\/wp-content\/uploads\/2013\/12\/110807-102-Fano.jpg\"><img decoding=\"async\" loading=\"lazy\" class=\"alignnone  wp-image-2389\" src=\"https:\/\/i0.wp.com\/www.hoppe-blank.com\/wp-content\/uploads\/2013\/12\/110807-102-Fano.jpg?resize=456%2C304\" alt=\"110807-102-Fano\" width=\"456\" height=\"304\" srcset=\"https:\/\/i0.wp.com\/www.hoppe-blank.com\/wp-content\/uploads\/2013\/12\/110807-102-Fano.jpg?resize=300%2C200 300w, https:\/\/i0.wp.com\/www.hoppe-blank.com\/wp-content\/uploads\/2013\/12\/110807-102-Fano.jpg?resize=1024%2C682 1024w, https:\/\/i0.wp.com\/www.hoppe-blank.com\/wp-content\/uploads\/2013\/12\/110807-102-Fano.jpg?resize=450%2C300 450w, https:\/\/i0.wp.com\/www.hoppe-blank.com\/wp-content\/uploads\/2013\/12\/110807-102-Fano.jpg?w=1880 1880w, https:\/\/i0.wp.com\/www.hoppe-blank.com\/wp-content\/uploads\/2013\/12\/110807-102-Fano.jpg?w=2820 2820w\" sizes=\"(max-width: 456px) 100vw, 456px\" data-recalc-dims=\"1\" \/><\/a><\/p>\n<p>&nbsp;<\/p>\n<p><strong>Zur Geschichte der Smart Roadster:<\/strong><\/p>\n<p><span style=\"color: #2d2d2d;\">Der zweisitzige\u00a0<\/span>smart<span style=\"color: #2d2d2d;\">\u00a0<\/span>roadster<span style=\"color: #2d2d2d;\">\u00a0hatte auf den ersten Blick mit einem Produktionszeitraum von nur drei Jahren (2003 bis 2005) einen kurzen Erfolg zu verbuchen. Doch genau das Gegenteil ist der Fall, denn mehrere Firmen buhlen seit 2005 um die Lizenz und m\u00f6chten den smart roadster unter anderem Namen wieder neu aufleben lassen. Mit einem Leergewicht von unter 800 Kilogramm ist das smart roadster coup\u00e9 oder das smart roadster\u00a0<\/span>cabrio<span style=\"color: #2d2d2d;\">\u00a0sehr leicht. Insofern reicht der Motor mit 0.7-Litern Hubraum (61 PS oder 82 PS) vollkommen aus, um den Roadster schnell zu beschleunigen und nach 10,9 Sekunden auf Tempo 100 zu bringen. Der smart roadster ist serienm\u00e4\u00dfig mit ESP, ABS sowie zwei Airbags ausger\u00fcstet. Neben einem zweiteiligen, herausnehmbaren Kunststoffdach, das sich im Heckkofferraum ablegen und transportieren l\u00e4sst, steht f\u00fcr den smart roadster ein elektrisches Faltverdeck zur Auswahl. Zus\u00e4tzlich zu den Basismodellen produzierte smart auch einige Sondermodelle wie den smart roadster edition bluewave (500 St\u00fcck), smart MTV-roadster (200 St\u00fcck) oder den smart roadster collectors edition (50 St\u00fcck).<br \/>\n<\/span><span style=\"color: #2d2d2d;\">Mittlerweile ist der Markt von guten gebrauchten Roadster derart leer gefegt, dass die Preise f\u00fcr gute gebrauchte Roadster schon wieder steigen. So wie es aussieht, wird das Fahrzeug in nicht ferner Zukunft eine begehrte Rarit\u00e4t sein.<\/span><\/p>\n<p>&nbsp;<\/p>\n","protected":false},"excerpt":{"rendered":"<p>Meinen Smart Roadster habe ich mir 2006 im smart Center Garbsen neu gekauft. Er ist also mittlerweile 8 Jahre bei mir und wird gehegt und gepflegt. Auch diverse Modifikation hat er bekommen, unter anderem &#8211; \u00a0H&amp;R Fahrwerk &#8211; Spurverbreiterung &#8211; &hellip; <a class=\"more-link\" href=\"http:\/\/www.hoppe-blank.com\/?page_id=31\">Weiterlesen <span class=\"meta-nav\">&rarr;<\/span><\/a><\/p>\n","protected":false},"author":1,"featured_media":0,"parent":7,"menu_order":0,"comment_status":"closed","ping_status":"open","template":"","meta":{"jetpack_post_was_ever_published":false},"jetpack_sharing_enabled":true,"jetpack_shortlink":"https:\/\/wp.me\/P6CpNf-v","_links":{"self":[{"href":"http:\/\/www.hoppe-blank.com\/index.php?rest_route=\/wp\/v2\/pages\/31"}],"collection":[{"href":"http:\/\/www.hoppe-blank.com\/index.php?rest_route=\/wp\/v2\/pages"}],"about":[{"href":"http:\/\/www.hoppe-blank.com\/index.php?rest_route=\/wp\/v2\/types\/page"}],"author":[{"embeddable":true,"href":"http:\/\/www.hoppe-blank.com\/index.php?rest_route=\/wp\/v2\/users\/1"}],"replies":[{"embeddable":true,"href":"http:\/\/www.hoppe-blank.com\/index.php?rest_route=%2Fwp%2Fv2%2Fcomments&post=31"}],"version-history":[{"count":4,"href":"http:\/\/www.hoppe-blank.com\/index.php?rest_route=\/wp\/v2\/pages\/31\/revisions"}],"predecessor-version":[{"id":2391,"href":"http:\/\/www.hoppe-blank.com\/index.php?rest_route=\/wp\/v2\/pages\/31\/revisions\/2391"}],"up":[{"embeddable":true,"href":"http:\/\/www.hoppe-blank.com\/index.php?rest_route=\/wp\/v2\/pages\/7"}],"wp:attachment":[{"href":"http:\/\/www.hoppe-blank.com\/index.php?rest_route=%2Fwp%2Fv2%2Fmedia&parent=31"}],"curies":[{"name":"wp","href":"https:\/\/api.w.org\/{rel}","templated":true}]}}