{"id":126,"date":"2014-01-02T20:09:39","date_gmt":"2014-01-02T18:09:39","guid":{"rendered":"http:\/\/www.hoppe-blank.com\/?page_id=126"},"modified":"2014-01-11T10:14:52","modified_gmt":"2014-01-11T08:14:52","slug":"lost-places","status":"publish","type":"page","link":"http:\/\/www.hoppe-blank.com\/?page_id=126","title":{"rendered":"Lost Places &#038; UrbEx"},"content":{"rendered":"<p style=\"text-align: left;\">Hier m\u00f6chte ich einige meiner entdeckten <strong>Lost Places<\/strong> vorstellen.<\/p>\n<p style=\"text-align: left;\">Was sind <strong>Lost Places<\/strong>?<br \/>\nDer Ausdruck\u00a0Lost Place\u00a0ist ein\u00a0Pseudoanglizismus\u00a0und bedeutet sinngem\u00e4\u00df \u201evergessener Ort\u201c. Im englischen Sprachgebrauch wird auch der Ausdruck \u201eabandoned place\u201c oder\u00a0<i>off the map<\/i>\u00a0benutzt.<br \/>\nMeistens handelt es sich um Bauwerke aus der j\u00fcngeren Geschichte, die entweder noch nicht historisch aufgearbeitet (bzw. erfasst) worden sind oder aufgrund ihrer geringen Bedeutung kein allgemeines Interesse finden und daher nicht als besonders erw\u00e4hnenswert gelten.<br \/>\nLost Place wird zwar h\u00e4ufig gleichbedeutend mit\u00a0Industrieruinen\u00a0oder nicht mehr genutzten milit\u00e4rischen Anlagen gebraucht, die eigentliche Bezeichnung gilt aber f\u00fcr jedweden Ort, der im Kontext seiner urspr\u00fcnglichen Nutzung in Vergessenheit geraten ist. Insbesondere z\u00e4hlen dazu Orte, die nicht bewusst als\u00a0Industriedenkm\u00e4ler\u00a0f\u00fcr die Nachwelt erhalten und dadurch einem breiten Publikum zug\u00e4nglich gemacht werden.<\/p>\n<p style=\"text-align: left;\">Und was ist dann <strong>UrbEx<\/strong>?<br \/>\nUrban Exploration\u00a0bzw.\u00a0Urbex\u00a0oder\u00a0Stadterkundung\u00a0ist die private Erforschung von Einrichtungen des st\u00e4dtischen Raums und sogenannter\u00a0Lost Places. Oftmals handelt es sich dabei um das Erkunden alter\u00a0Industrieruinen, aber auchKanalisationen,\u00a0Katakomben,\u00a0D\u00e4chern\u00a0oder unzug\u00e4nglicher R\u00e4umlichkeiten ungenutzter Einrichtungen.<\/p>\n<p style=\"text-align: left;\"><strong>Codex Urbex<\/strong><\/p>\n<p><strong>Zu ist zu und bleibt zu!<\/strong><br \/>\nUrbExer zwingen sich durch das engste Loch aber sie verschaffen sich nicht gewaltsam Zutritt zu Objekten<br \/>\n<strong>Vandalismus ist tabu!<\/strong><br \/>\nEs ist egal wie heruntergekommen ein Geb\u00e4ude schon ist, es ist entgegen dem Codex des Urban Exploration, etwas zu besch\u00e4digen oder zu zerst\u00f6ren.<br \/>\n<strong>Urbexer sind keine Diebe!<\/strong><br \/>\nUrbex bedeutet in erster Linie Dokumentation, Abenteuer und der Reiz am Unbekannten, es ist daher zur Erhaltung des Status Quo eines \u201eLost Place\u201c unerl\u00e4sslich, dass alles so verbleibt wie man es vorfindet. Dies meint speziell, dass alle Gegenst\u00e4nde so an ihrem Platz verbleiben wie man sie vorgefunden hat.<br \/>\n<strong>Informationen sind wertvoll!<\/strong><br \/>\nJeder Urbexer, der einen Ort bzw. einen Zugang zu einem Ort gefunden hat, hat das Recht zu entscheiden, was mit diesen Informationen geschieht. Es gibt keinen Anspruch darauf, dass ein UrbExer verr\u00e4t, wo sich ein Ort befindet oder wie man ihn betritt.<\/p>\n","protected":false},"excerpt":{"rendered":"<p>Hier m\u00f6chte ich einige meiner entdeckten Lost Places vorstellen. Was sind Lost Places? Der Ausdruck\u00a0Lost Place\u00a0ist ein\u00a0Pseudoanglizismus\u00a0und bedeutet sinngem\u00e4\u00df \u201evergessener Ort\u201c. Im englischen Sprachgebrauch wird auch der Ausdruck \u201eabandoned place\u201c oder\u00a0off the map\u00a0benutzt. Meistens handelt es sich um Bauwerke aus &hellip; <a class=\"more-link\" href=\"http:\/\/www.hoppe-blank.com\/?page_id=126\">Weiterlesen <span class=\"meta-nav\">&rarr;<\/span><\/a><\/p>\n","protected":false},"author":1,"featured_media":0,"parent":0,"menu_order":20,"comment_status":"closed","ping_status":"closed","template":"","meta":{"jetpack_post_was_ever_published":false},"jetpack_sharing_enabled":true,"jetpack_shortlink":"https:\/\/wp.me\/P6CpNf-22","_links":{"self":[{"href":"http:\/\/www.hoppe-blank.com\/index.php?rest_route=\/wp\/v2\/pages\/126"}],"collection":[{"href":"http:\/\/www.hoppe-blank.com\/index.php?rest_route=\/wp\/v2\/pages"}],"about":[{"href":"http:\/\/www.hoppe-blank.com\/index.php?rest_route=\/wp\/v2\/types\/page"}],"author":[{"embeddable":true,"href":"http:\/\/www.hoppe-blank.com\/index.php?rest_route=\/wp\/v2\/users\/1"}],"replies":[{"embeddable":true,"href":"http:\/\/www.hoppe-blank.com\/index.php?rest_route=%2Fwp%2Fv2%2Fcomments&post=126"}],"version-history":[{"count":6,"href":"http:\/\/www.hoppe-blank.com\/index.php?rest_route=\/wp\/v2\/pages\/126\/revisions"}],"predecessor-version":[{"id":2237,"href":"http:\/\/www.hoppe-blank.com\/index.php?rest_route=\/wp\/v2\/pages\/126\/revisions\/2237"}],"wp:attachment":[{"href":"http:\/\/www.hoppe-blank.com\/index.php?rest_route=%2Fwp%2Fv2%2Fmedia&parent=126"}],"curies":[{"name":"wp","href":"https:\/\/api.w.org\/{rel}","templated":true}]}}